{"id":479,"date":"2022-05-22T14:30:53","date_gmt":"2022-05-22T13:30:53","guid":{"rendered":"https:\/\/valenlystbaathavn.no\/?page_id=479"},"modified":"2023-04-03T13:18:58","modified_gmt":"2023-04-03T12:18:58","slug":"fortoyningsregler","status":"publish","type":"page","link":"https:\/\/valenlystbaathavn.no\/?page_id=479","title":{"rendered":"Fort\u00f8yningsregler"},"content":{"rendered":"\n<p>Revidert: 27.02.2022<\/p>\n\n\n\n<p>I og med at Valen Lystb\u00e5thavn er en sesong havn (medio april til september) er det et sterkt behov for at vi innarbeidede fort\u00f8yningsregler og at alle medlemmene forholder seg til disse.<\/p>\n\n\n\n<p>Bryggeanlegget med utriggerne representerer en betydelig \u00f8konomisk verdi for b\u00e5tforeningen og pr. i dag, og det viser seg at mange ikke er kjent med hvordan b\u00e5tene skal fort\u00f8yes tilstrekkelig og forsvarlig nok. (Noe som er med p\u00e5 \u00e5 skade utriggerne).<br><br>Det forutsettes likevel at den enkelte b\u00e5teier behandler utriggerne og utstyret med n\u00f8dvendig aktsomhet, da det er hvert enkelt medlem sitt ansvar \u00e5 vedlikeholde utriggerne sammen med b\u00e5teier i nabob\u00e5sen.<\/p>\n\n\n\n<p>Reglene gjelder for alle b\u00e5ter som fort\u00f8yes ved utriggere i Valen Lystb\u00e5thavn.<\/p>\n\n\n\n<p><strong>Fort\u00f8yningsregler:<\/strong><\/p>\n\n\n\n<ul class=\"wp-block-list\">\n<li>B\u00e5ten skal fort\u00f8yes til utriggerne ved hjelp av tau med gummidempere.<\/li>\n\n\n\n<li>Fort\u00f8yningsmateriell av metall slik som kauser, sjakler, fj\u00e6rer, kroker, wire eller kjetting skal ikke benyttes.<\/li>\n\n\n\n<li>Tau og gummidempere m\u00e5 ha tilstrekkelig dimensjon i forhold til b\u00e5tens st\u00f8rrelse, tyngde og vindfang.<\/li>\n\n\n\n<li>Tauene spleises eller knyttes til fort\u00f8yningsb\u00f8ylene eller pullertene p\u00e5 utriggerne. Styret anbefaler at det lages en l\u00f8kke p\u00e5 tauet og tre det som en rennel\u00f8kke gjennom fort\u00f8yningsb\u00f8ylen.<\/li>\n\n\n\n<li>S\u00f8rg for at fort\u00f8yninger akter og i baug er forholdsvis stramme. (ikke for mye slakk)<\/li>\n\n\n\n<li>Det skal benyttes minst en spring (helst to). Disse skal v\u00e6re forholdsvis stramme og skal forhindre bevegelse i lengderetningen.<br><strong>(Se fort\u00f8yningsskisser nederst p\u00e5 arket).<\/strong><\/li>\n\n\n\n<li>Dersom wire eller kjetting benyttes for \u00e5 l\u00e5se b\u00e5ten til bryggeanlegget, skal disse v\u00e6re slakke og i tillegg v\u00e6re forsynt med gummi eller tilsvarende for ikke \u00e5 skade utriggerne.<\/li>\n\n\n\n<li>For \u00e5 hindre sammenst\u00f8t mellom b\u00e5t og bryggekant\/monteringsskinne anbefales \u00e5 strekke \u00abet slakk tau\u00bb mellom utriggerne foran baugen. Husk gummidemper.<\/li>\n\n\n\n<li>B\u00e5ten b\u00f8r ha passende fendere, minst to fendere p\u00e5 hver side.<\/li>\n\n\n\n<li>Alle b\u00e5teiere plikter \u00e5 rette seg etter p\u00e5legg gitt av bryggeformann eller styret. Dersom det viser seg at enkelte b\u00e5ter ikke er egnet til \u00e5 ligge ved tildelt plass, vil styret fors\u00f8ke \u00e5 tildele en annen hensiktsmessig plass.<\/li>\n<\/ul>\n\n\n\n<p>Det vil bli foretatt en kontroll av fort\u00f8yningene ved sesongstart medio april m\u00e5ned.<\/p>\n\n\n\n<p><strong>Fort\u00f8yningsforslag:<\/strong><\/p>\n\n\n\n<ul class=\"wp-block-list\">\n<li>B\u00e5ten fort\u00f8yes med minst 2 fort\u00f8yninger i baug og 2 fort\u00f8yninger akter.<\/li>\n\n\n\n<li>Bruk springtau (helst et p\u00e5 hver side av b\u00e5ten) for \u00e5 hindre bevegelse i lengderetning.<\/li>\n\n\n\n<li>Det b\u00f8r benyttes minst to fendre p\u00e5 hver side av b\u00e5ten.<\/li>\n\n\n\n<li>Bruk kvalitetstau med tilstrekkelig dimensjon.<\/li>\n\n\n\n<li>Bruk strekkavlastere av gummi i god kvalitet p\u00e5 alle tau.<\/li>\n\n\n\n<li>Fort\u00f8yninger skal strammes tilstrekkelig for \u00e5 unng\u00e5 at b\u00e5ten jager i b\u00e5sen.<\/li>\n\n\n\n<li>Bruk av sjakler eller annet metallutstyr er ikke tillatt, da det vil for\u00e5rsake at sjaklene skrur seg opp. Det vil ogs\u00e5 bli slitasje p\u00e5 utriggere og fort\u00f8yningsb\u00f8yler ved at det lugger i fort\u00f8yningene.<\/li>\n<\/ul>\n\n\n\n<p><strong>Fort\u00f8yningsskisse:<\/strong><\/p>\n\n\n\n<figure class=\"wp-block-image size-full\"><a href=\"https:\/\/valenlystbaathavn.no\/wp-content\/uploads\/2023\/03\/Fortoyningsskisse.jpg\"><img loading=\"lazy\" decoding=\"async\" width=\"600\" height=\"261\" src=\"https:\/\/valenlystbaathavn.no\/wp-content\/uploads\/2023\/03\/Fortoyningsskisse.jpg\" alt=\"\" class=\"wp-image-528\"\/><\/a><\/figure>\n\n\n\n<div data-wp-interactive=\"core\/file\" class=\"wp-block-file\"><object data-wp-bind--hidden=\"!state.hasPdfPreview\" hidden class=\"wp-block-file__embed\" data=\"https:\/\/valenlystbaathavn.no\/wp-content\/uploads\/2023\/04\/Fortoyningsregler-pr.-27.02.2022-1.pdf\" type=\"application\/pdf\" style=\"width:100%;height:600px\" aria-label=\"Innbygging av Fortoyningsregler-pr.-27.02.2022-1\"><\/object><a id=\"wp-block-file--media-7a6fd0ed-9200-4f68-9c49-641fe589e043\" href=\"https:\/\/valenlystbaathavn.no\/wp-content\/uploads\/2023\/04\/Fortoyningsregler-pr.-27.02.2022-1.pdf\">Fortoyningsregler-pr.-27.02.2022-1<\/a><a href=\"https:\/\/valenlystbaathavn.no\/wp-content\/uploads\/2023\/04\/Fortoyningsregler-pr.-27.02.2022-1.pdf\" class=\"wp-block-file__button wp-element-button\" download aria-describedby=\"wp-block-file--media-7a6fd0ed-9200-4f68-9c49-641fe589e043\"><\/a><\/div>\n\n\n\n<div class=\"wp-block-file\"><a id=\"wp-block-file--media-f431a602-4532-4697-ac5f-f245d406de35\" href=\"https:\/\/valenlystbaathavn.no\/wp-content\/uploads\/2023\/04\/Fortoyningsregler-pr.-27.02.2022.docx\">Fortoyningsregler-pr.-27.02.2022<\/a><a href=\"https:\/\/valenlystbaathavn.no\/wp-content\/uploads\/2023\/04\/Fortoyningsregler-pr.-27.02.2022.docx\" class=\"wp-block-file__button wp-element-button\" download aria-describedby=\"wp-block-file--media-f431a602-4532-4697-ac5f-f245d406de35\">Last ned<\/a><\/div>\n","protected":false},"excerpt":{"rendered":"<p>Revidert: 27.02.2022 I og med at Valen Lystb\u00e5thavn er en sesong havn (medio april til september) er det et sterkt behov for at vi innarbeidede fort\u00f8yningsregler og at alle medlemmene forholder seg til disse. Bryggeanlegget med utriggerne representerer en betydelig \u00f8konomisk verdi for b\u00e5tforeningen og pr. i dag, og det viser seg at mange ikke [&hellip;]<\/p>\n","protected":false},"author":2,"featured_media":0,"parent":0,"menu_order":0,"comment_status":"closed","ping_status":"closed","template":"","meta":{"footnotes":""},"class_list":["post-479","page","type-page","status-publish","hentry"],"_links":{"self":[{"href":"https:\/\/valenlystbaathavn.no\/index.php?rest_route=\/wp\/v2\/pages\/479","targetHints":{"allow":["GET"]}}],"collection":[{"href":"https:\/\/valenlystbaathavn.no\/index.php?rest_route=\/wp\/v2\/pages"}],"about":[{"href":"https:\/\/valenlystbaathavn.no\/index.php?rest_route=\/wp\/v2\/types\/page"}],"author":[{"embeddable":true,"href":"https:\/\/valenlystbaathavn.no\/index.php?rest_route=\/wp\/v2\/users\/2"}],"replies":[{"embeddable":true,"href":"https:\/\/valenlystbaathavn.no\/index.php?rest_route=%2Fwp%2Fv2%2Fcomments&post=479"}],"version-history":[{"count":4,"href":"https:\/\/valenlystbaathavn.no\/index.php?rest_route=\/wp\/v2\/pages\/479\/revisions"}],"predecessor-version":[{"id":558,"href":"https:\/\/valenlystbaathavn.no\/index.php?rest_route=\/wp\/v2\/pages\/479\/revisions\/558"}],"wp:attachment":[{"href":"https:\/\/valenlystbaathavn.no\/index.php?rest_route=%2Fwp%2Fv2%2Fmedia&parent=479"}],"curies":[{"name":"wp","href":"https:\/\/api.w.org\/{rel}","templated":true}]}}