{"id":25,"date":"2014-03-23T17:34:21","date_gmt":"2014-03-23T16:34:21","guid":{"rendered":"http:\/\/valenlystbaathavn.no\/wp\/?page_id=25"},"modified":"2023-04-03T13:20:26","modified_gmt":"2023-04-03T12:20:26","slug":"salg-av-batplass","status":"publish","type":"page","link":"https:\/\/valenlystbaathavn.no\/?page_id=25","title":{"rendered":"Salg av b\u00e5tplass"},"content":{"rendered":"<p>Medlemmer st\u00e5r fritt til \u00e5 b\u00e5de selge og leie ut sine b\u00e5tplasser.<br \/>Imidlertid fastsl\u00e5r vedtektene at b\u00e5de salg og utleie av b\u00e5tplasser skal godkjennes av styret.<\/p>\n<p>Her finner du skjema for s\u00f8knad om eierskifte.<\/p>\n<p><a href=\"http:\/\/valenlystbaathavn.no\/wp-content\/uploads\/2014\/03\/Valen-logo-animasjon.gif\"><img loading=\"lazy\" decoding=\"async\" class=\"alignnone size-full wp-image-31\" src=\"http:\/\/valenlystbaathavn.no\/wp-content\/uploads\/2014\/03\/Valen-logo-animasjon.gif\" alt=\"Valen logo animasjon\" width=\"184\" height=\"183\" \/><\/a><\/p>\n\n\n<div data-wp-interactive=\"core\/file\" class=\"wp-block-file\"><object data-wp-bind--hidden=\"!state.hasPdfPreview\" hidden class=\"wp-block-file__embed\" data=\"https:\/\/valenlystbaathavn.no\/wp-content\/uploads\/2023\/04\/Soknadskjema-eierskifte.pdf\" type=\"application\/pdf\" style=\"width:100%;height:600px\" aria-label=\"Innbygging av Soknadskjema-eierskifte\"><\/object><a id=\"wp-block-file--media-2458ef46-870d-4f17-8fd2-3e242a4531ee\" href=\"https:\/\/valenlystbaathavn.no\/wp-content\/uploads\/2023\/04\/Soknadskjema-eierskifte.pdf\">Soknadskjema-eierskifte<\/a><a href=\"https:\/\/valenlystbaathavn.no\/wp-content\/uploads\/2023\/04\/Soknadskjema-eierskifte.pdf\" class=\"wp-block-file__button wp-element-button\" download aria-describedby=\"wp-block-file--media-2458ef46-870d-4f17-8fd2-3e242a4531ee\">Last ned<\/a><\/div>\n\n\n\n<div class=\"wp-block-file\"><a id=\"wp-block-file--media-a2939fab-7bb3-46b3-82b6-286a80d14688\" href=\"https:\/\/valenlystbaathavn.no\/wp-content\/uploads\/2023\/04\/Soknadskjema-eierskifte.docx\">Soknadskjema-eierskifte<\/a><a href=\"https:\/\/valenlystbaathavn.no\/wp-content\/uploads\/2023\/04\/Soknadskjema-eierskifte.docx\" class=\"wp-block-file__button wp-element-button\" download aria-describedby=\"wp-block-file--media-a2939fab-7bb3-46b3-82b6-286a80d14688\">Last ned<\/a><\/div>\n","protected":false},"excerpt":{"rendered":"<p>Medlemmer st\u00e5r fritt til \u00e5 b\u00e5de selge og leie ut sine b\u00e5tplasser.Imidlertid fastsl\u00e5r vedtektene at b\u00e5de salg og utleie av b\u00e5tplasser skal godkjennes av styret. Her finner du skjema for s\u00f8knad om eierskifte.<\/p>\n","protected":false},"author":1,"featured_media":0,"parent":0,"menu_order":0,"comment_status":"closed","ping_status":"open","template":"","meta":{"footnotes":""},"class_list":["post-25","page","type-page","status-publish","hentry"],"_links":{"self":[{"href":"https:\/\/valenlystbaathavn.no\/index.php?rest_route=\/wp\/v2\/pages\/25","targetHints":{"allow":["GET"]}}],"collection":[{"href":"https:\/\/valenlystbaathavn.no\/index.php?rest_route=\/wp\/v2\/pages"}],"about":[{"href":"https:\/\/valenlystbaathavn.no\/index.php?rest_route=\/wp\/v2\/types\/page"}],"author":[{"embeddable":true,"href":"https:\/\/valenlystbaathavn.no\/index.php?rest_route=\/wp\/v2\/users\/1"}],"replies":[{"embeddable":true,"href":"https:\/\/valenlystbaathavn.no\/index.php?rest_route=%2Fwp%2Fv2%2Fcomments&post=25"}],"version-history":[{"count":11,"href":"https:\/\/valenlystbaathavn.no\/index.php?rest_route=\/wp\/v2\/pages\/25\/revisions"}],"predecessor-version":[{"id":562,"href":"https:\/\/valenlystbaathavn.no\/index.php?rest_route=\/wp\/v2\/pages\/25\/revisions\/562"}],"wp:attachment":[{"href":"https:\/\/valenlystbaathavn.no\/index.php?rest_route=%2Fwp%2Fv2%2Fmedia&parent=25"}],"curies":[{"name":"wp","href":"https:\/\/api.w.org\/{rel}","templated":true}]}}