{"id":23,"date":"2014-03-23T17:33:47","date_gmt":"2014-03-23T16:33:47","guid":{"rendered":"http:\/\/valenlystbaathavn.no\/wp\/?page_id=23"},"modified":"2023-03-25T18:54:01","modified_gmt":"2023-03-25T17:54:01","slug":"vedtekter","status":"publish","type":"page","link":"https:\/\/valenlystbaathavn.no\/?page_id=23","title":{"rendered":"Vedtekter"},"content":{"rendered":"<p><b>Vedtekter for Valen Lystb\u00e5thavn AL\u00a0<\/b><\/p>\n<p>Vedtatt 1 mars 2009. Senere revidert i \u00e5rsm\u00f8te 26.04.2015<\/p>\n<p><b>\u00a7 1 Navn\u00a0<\/b><\/p>\n<p>Andelslagets navn er Valen Lysb\u00e5thavn Andelslag BA<\/p>\n<p><b>\u00a7 2 Form\u00e5l\u00a0<\/b><\/p>\n<p>Andelslaget skal bygge og drive sm\u00e5b\u00e5thavn med tilh\u00f8rende aktiviteter i Bod\u00f8 havn.<\/p>\n<p><b>\u00a7 3 Andeler\u00a0<\/b><\/p>\n<p>Andelslaget utsteder andeler p\u00e5 b\u00e5tplass i brygge. Det utstedes tilsvarende antall andeler som det er b\u00e5tplasser i andelslaget.<\/p>\n<p><b>\u00a7 4 Andelens verdi\u00a0<\/b><\/p>\n<p>Andelens verdi er markedsbasert og kan selges av innehaver til h\u00f8ystbydende etter godkjenning av styret. Andelslaget kan kreve forkj\u00f8psrett til markedspris.<\/p>\n<p><b>\u00a7 5 Andelsbrev\u00a0<\/b><\/p>\n<p>Alle salg av andeler skal godkjennes av styret. Styret vil godkjenne salg dersom alle fordringer fra andelslaget er innfridd. Forutsatt godkjenning utsteder styret nytt andelsbrev til den nye andelseier. Andelsbrevet skal v\u00e6re datert og p\u00e5f\u00f8rt nummer tilsvarende b\u00e5tplassen og eierens navn, adresse og telefonnummer. Andelsbrevet signeres av to av styrets medlemmer. Sammen med andelsbrevet skal medf\u00f8lge andelslagets vedtekter.<\/p>\n<p>&nbsp;<\/p>\n<p><b>\u00a7 6 B\u00e5tplassens \u00e5rsleie\u00a0<\/b><\/p>\n<p>\u00c5rsm\u00f8tets vedtatte \u00e5rsleie, og andre \u00f8konomiske forpliktelser skal betales ved forfall etter mottatt krav fra styret. Ved purring ilegges gebyr p\u00e5 kr 100,-.<\/p>\n<p><b>\u00a7 7 Eksklusjon<\/b><\/p>\n<p>Andelseier som motarbeider foreningens form\u00e5l eller interesser, unnlater \u00e5 yte forventet fellesinnsats eller p\u00e5 annen m\u00e5te opptr\u00e5r illojalt, kan ekskluderes fra andelslaget. Tilsvarende hvis andre tungtveiende grunner berettiger slik reaksjon. Likeledes kan andelseier som over tid unnlater \u00e5 vedlikeholde egen b\u00e5tplass eller ved ikke \u00e5 innfri sine \u00f8konomiske forpliktelser ekskluderes.<\/p>\n<p>&nbsp;<\/p>\n<p>Forslag om eksklusjon avgj\u00f8res av styret, med mindre saken gjelder et styremedlem. I sistnevnte tilfelle blir saken \u00e5 avgj\u00f8re av \u00e5rsm\u00f8tet. Eksklusjonsvedtak fattet av styre kan p\u00e5klages til \u00e5rsm\u00f8tet. Eksklusjonssak skal behandles i henhold til alminnelige krav til saksbehandling, herunder skal den saken gjelder varsles og gis rett til \u00e5 ta til motm\u00e6le.<\/p>\n<p>&nbsp;<\/p>\n<p>For de tilfeller hvor grunnlaget for eksklusjon bygger p\u00e5 mislighold av \u00f8konomiske forpliktelser og hvor laget forut for vedtaket har sendt medlemmet et skriftstykke som viser kravets grunnlag og omfang, vil skriftstykke utgj\u00f8re et s\u00e6rlig tvangsgrunnlag som kan sendes namsmannen som begj\u00e6ring om utlegg i henhold til tvangsfullbyrdelseslovens bestemmelser.<\/p>\n<p>&nbsp;<\/p>\n<p><b>\u00a7 8 Begrensninger av sesong og b\u00e5ters st\u00f8rrelse<\/b><\/p>\n<p>B\u00e5ter kan kun ligge i anlegget i tidsrommet april-september. Maksimal st\u00f8rrelse p\u00e5 b\u00e5ter i anlegget settes til 30 fot.<\/p>\n<p><b>\u00a7 9 Utleie av b\u00e5tplass\u00a0<\/b><\/p>\n<p>Medlemmet kan selv st\u00e5 for utleie av b\u00e5tplass etter godkjenning av styret.<\/p>\n<p>&nbsp;<\/p>\n<p><b>\u00a7 10 N\u00e6ringsvirksomhet\u00a0<\/b><\/p>\n<p>Det skal ikke drives noen form for n\u00e6ringsvirksomhet fra bryggen.<\/p>\n<p>&nbsp;<\/p>\n<p><b>\u00a7 11 Styrets sammensetning\u00a0<\/b><\/p>\n<p>Valen Lystb\u00e5thavn BA skal ha ett styre p\u00e5 5 medlemmer hvorav to bryggeformenn.<\/p>\n<p>\u00c5rsm\u00f8tet velger og godkjenner styret. Formann, nestleder\/sekret\u00e6r og kasserer velges separat. Medlemmer av styret m\u00e5 v\u00e6re andelseier og velges for 2 \u00e5r av gangen slik at ikke mer enn 3 av styrets medlemmer er p\u00e5 valg eller oppnevnes samtidig. Bod\u00f8 havnevesen kan oppnevne ytterligere ett styremedlem.<\/p>\n<p><b>\u00a7 12 Styrem\u00f8ter\u00a0<\/b><\/p>\n<p>Styrem\u00f8ter avholdes s\u00e5 ofte som ledelsen og kontrollen av andelslaget krever. Styret forutsettes \u00e5 forberede \u00e5rsm\u00f8tet i god tid. Styrem\u00f8ter sammenkalles av formann. Hvis et styremedlem krever avholdelse av styrem\u00f8te skal formannen uten opphold etterkomme kravet. M\u00f8tet ledes av formannen eller den styret velger i m\u00f8tet.<\/p>\n<p>Styrem\u00f8tet er beslutningsdyktig n\u00e5r mer enn halvparten av styremedlemmene er til stede. Styret treffer sine beslutninger ved alminnelig flertall. Ved stemmelikhet gj\u00f8r m\u00f8teleders stemme utslaget. Stemmelikhet ved valg av m\u00f8teleder avgj\u00f8res ved loddtrekning. Styret skal f\u00f8re protokoll over forhandlingene. Denne skal underskrives av de fremm\u00f8tte.<\/p>\n<p><b>\u00a7 13 Styrets fullmakter\u00a0<\/b><\/p>\n<p>Styret skal lede andelslagets virksomhet i samsvar med dets vedtekter og etter de p\u00e5legg \u00e5rsm\u00f8tet gir. Saker av betydelig \u00f8konomisk omfang sett i relasjon til andelslagets ressurser skal forelegges \u00e5rsm\u00f8tet til godkjenning. To styremedlemmer i fellesskap tegner andelslaget utad.<\/p>\n<p><b>\u00a7 14 \u00c5rsm\u00f8tet\u00a0<\/b><\/p>\n<p>\u00c5rsm\u00f8tet er den \u00f8verste myndighet i andelslaget. Ordin\u00e6rt \u00e5rsm\u00f8te skal avholdes hvert \u00e5r senest 15. april. Ekstraordin\u00e6rt \u00e5rsm\u00f8tet holdes n\u00e5r styret finner det n\u00f8dvendig, eller n\u00e5r revisor eller minst 1\/20 (3) av andelseierne skriftlig krever det og samtidig oppgir hvilke saker som \u00f8nskes behandlet. Styret foretar innkalling til ordin\u00e6rt \u00e5rsm\u00f8te med minst 3 ukers varsel og vedlegger: \u00c5rsberetning, revidert regnskap, eventuelle innkomne forslag og valgkomiteens innstilling. Forslag som \u00f8nskes behandlet skal v\u00e6re skriftlig, og styret i hende innen 15. mars.<\/p>\n<p>Ekstraordin\u00e6rt \u00e5rsm\u00f8te innkalles med minst 14 dagers varsel.<\/p>\n<p>\u00c5rsm\u00f8tet kan ikke treffe beslutninger i andre saker enn de som er angitt i innkallingen. Eventuelle nye saker kan dr\u00f8ftes, men beslutning kan ikke tas f\u00f8r i ekstraordin\u00e6rt \u00e5rsm\u00f8te.<\/p>\n<p>Det ordin\u00e6re \u00e5rsm\u00f8tet skal:<\/p>\n<ul>\n<li>Behandle \u00e5rsberetningen fra styret.<\/li>\n<li>Behandle \u00e5rsoppgj\u00f8ret og anvendelse av overskudd eller dekning av tap.<\/li>\n<li>Fastsette \u00e5rlig leie, eventuell fondsavsetning, dugnadskrav mv.<\/li>\n<li>Foreta valg av valgkomite og de personer som skal ha ordin\u00e6re tillitsverv i henhold til vedtektene.<\/li>\n<li>Velge styremedlemmer.<\/li>\n<li>Protokoll skal f\u00f8res og underskrives av m\u00f8teleder og minst 2 m\u00f8tedeltagere ved avslutning av m\u00f8tet.<\/li>\n<\/ul>\n<p>Styrets formann skal v\u00e6re tilstede med mindre det foreligger gyldig forfall.<\/p>\n<p>Skal et forslag om vedtektsendring kunne behandles, m\u00e5 hovedinnholdet v\u00e6re kjent allerede i innkallingen.<\/p>\n<p>Valgkomiteen skal avgi innstilling til \u00e5rsm\u00f8tet om valg av personer til tillitsverv.<\/p>\n<p>&nbsp;<\/p>\n<p>Rett til \u00e5 delta i avstemmingen har medlemmer som har innfridd sine forpliktelser. En andelseier kan stemme ved fullmakt om dette er angitt skriftlig.<\/p>\n<p>Med de unntak som f\u00f8lger av vedtektene, treffes alle beslutninger med simpelt flertall.<\/p>\n<p>Ved stemmelikehet gj\u00f8r m\u00f8teleders stemme utslaget. Har denne ikke stemt, eller det gjelder valg, avgj\u00f8res saken ved loddtrekning.<\/p>\n<p>Endringer eller tillegg til vedtektene gj\u00f8res med 2\/3 flertall av de framm\u00f8tte.<\/p>\n<p>&nbsp;<\/p>\n<p><b>\u00a7 15 Revisor.\u00a0<\/b><\/p>\n<p>Andelslaget skal ha revisor som velges for 2 \u00e5r av \u00e5rsm\u00f8tet. Samtidig velges varamann til revisor.<\/p>\n<p><b>\u00a7 16 Oppl\u00f8sning.\u00a0<\/b><\/p>\n<p>Vedtak om frivillig oppl\u00f8sning av andelslaget kan alene fattes av to p\u00e5 hverandre etterf\u00f8lgende \u00e5rsm\u00f8ter med minst 14 dagers mellomrom. Det kreves p\u00e5 begge m\u00f8tene minst 2\/3 flertall for oppl\u00f8sning. Blir vedtak fattet om oppl\u00f8sning skal \u00e5rsm\u00f8tet velge avviklingsstyre.\u00a0 Avviklingsstyret skal s\u00f8rge for at alle forpliktelser som andelslaget har, dekkes f\u00f8r tilbakebetaling av mulige andelsmidler. Etter avsluttet utbetaling fremlegges revidert regnskap for \u00e5rsm\u00f8tet. Etter godkjenning er andelslaget endelig oppl\u00f8st. Andelslagets b\u00f8ker skal oppbevares i 5 \u00e5r.<\/p>\n","protected":false},"excerpt":{"rendered":"<p>Vedtekter for Valen Lystb\u00e5thavn AL\u00a0 Vedtatt 1 mars 2009. Senere revidert i \u00e5rsm\u00f8te 26.04.2015 \u00a7 1 Navn\u00a0 Andelslagets navn er Valen Lysb\u00e5thavn Andelslag BA \u00a7 2 Form\u00e5l\u00a0 Andelslaget skal bygge og drive sm\u00e5b\u00e5thavn med tilh\u00f8rende aktiviteter i Bod\u00f8 havn. \u00a7 3 Andeler\u00a0 Andelslaget utsteder andeler p\u00e5 b\u00e5tplass i brygge. Det utstedes tilsvarende antall andeler som [&hellip;]<\/p>\n","protected":false},"author":1,"featured_media":0,"parent":0,"menu_order":0,"comment_status":"closed","ping_status":"closed","template":"","meta":{"footnotes":""},"class_list":["post-23","page","type-page","status-publish","hentry"],"_links":{"self":[{"href":"https:\/\/valenlystbaathavn.no\/index.php?rest_route=\/wp\/v2\/pages\/23","targetHints":{"allow":["GET"]}}],"collection":[{"href":"https:\/\/valenlystbaathavn.no\/index.php?rest_route=\/wp\/v2\/pages"}],"about":[{"href":"https:\/\/valenlystbaathavn.no\/index.php?rest_route=\/wp\/v2\/types\/page"}],"author":[{"embeddable":true,"href":"https:\/\/valenlystbaathavn.no\/index.php?rest_route=\/wp\/v2\/users\/1"}],"replies":[{"embeddable":true,"href":"https:\/\/valenlystbaathavn.no\/index.php?rest_route=%2Fwp%2Fv2%2Fcomments&post=23"}],"version-history":[{"count":5,"href":"https:\/\/valenlystbaathavn.no\/index.php?rest_route=\/wp\/v2\/pages\/23\/revisions"}],"predecessor-version":[{"id":543,"href":"https:\/\/valenlystbaathavn.no\/index.php?rest_route=\/wp\/v2\/pages\/23\/revisions\/543"}],"wp:attachment":[{"href":"https:\/\/valenlystbaathavn.no\/index.php?rest_route=%2Fwp%2Fv2%2Fmedia&parent=23"}],"curies":[{"name":"wp","href":"https:\/\/api.w.org\/{rel}","templated":true}]}}