{"id":13,"date":"2014-03-19T16:09:57","date_gmt":"2014-03-19T16:09:57","guid":{"rendered":"http:\/\/valenlystbaathavn.no\/wp\/?page_id=13"},"modified":"2023-03-25T16:55:55","modified_gmt":"2023-03-25T15:55:55","slug":"kontakt-oss","status":"publish","type":"page","link":"https:\/\/valenlystbaathavn.no\/?page_id=13","title":{"rendered":"Kontakt oss"},"content":{"rendered":"<p>Vanlig Post til:<br \/>Valen Lystb\u00e5thavn BA<br \/>Postboks 482<br \/>8001 Bod\u00f8<\/p>\n<p>E-post:\u00a0<br \/><a href=\"mailto:valenlystbaathavn@gmail.com\" target=\"_blank\" rel=\"noopener\">valenlystbaathavn@gmail.com<\/a><\/p>\n\n\n<p>Styret:<br>Under organisasjonsnummer til Valen Lystb\u00e5thavn BA &#8211; 995441659 i Br\u00f8nn\u00f8ysundregistret<br><a href=\"https:\/\/w2.brreg.no\/enhet\/sok\/detalj.jsp?orgnr=995441659\">https:\/\/w2.brreg.no\/enhet\/sok\/detalj.jsp?orgnr=995441659<\/a><\/p>\n\n\n\n<p>Facebook:<br><a href=\"https:\/\/www.facebook.com\/people\/Valen-Lystb\u00e5thavn\/100010419064779\/?locale=nb_NO\">https:\/\/www.facebook.com\/people\/Valen-Lystb\u00e5thavn\/100010419064779\/?locale=nb_NO<\/a><\/p>\n\n\n\n<p><\/p>\n","protected":false},"excerpt":{"rendered":"<p>Vanlig Post til:Valen Lystb\u00e5thavn BAPostboks 4828001 Bod\u00f8 E-post:\u00a0valenlystbaathavn@gmail.com Styret:Under organisasjonsnummer til Valen Lystb\u00e5thavn BA &#8211; 995441659 i Br\u00f8nn\u00f8ysundregistrethttps:\/\/w2.brreg.no\/enhet\/sok\/detalj.jsp?orgnr=995441659 Facebook:https:\/\/www.facebook.com\/people\/Valen-Lystb\u00e5thavn\/100010419064779\/?locale=nb_NO<\/p>\n","protected":false},"author":1,"featured_media":0,"parent":0,"menu_order":4,"comment_status":"closed","ping_status":"closed","template":"page-templates\/full-width.php","meta":{"footnotes":""},"class_list":["post-13","page","type-page","status-publish","hentry"],"_links":{"self":[{"href":"https:\/\/valenlystbaathavn.no\/index.php?rest_route=\/wp\/v2\/pages\/13","targetHints":{"allow":["GET"]}}],"collection":[{"href":"https:\/\/valenlystbaathavn.no\/index.php?rest_route=\/wp\/v2\/pages"}],"about":[{"href":"https:\/\/valenlystbaathavn.no\/index.php?rest_route=\/wp\/v2\/types\/page"}],"author":[{"embeddable":true,"href":"https:\/\/valenlystbaathavn.no\/index.php?rest_route=\/wp\/v2\/users\/1"}],"replies":[{"embeddable":true,"href":"https:\/\/valenlystbaathavn.no\/index.php?rest_route=%2Fwp%2Fv2%2Fcomments&post=13"}],"version-history":[{"count":11,"href":"https:\/\/valenlystbaathavn.no\/index.php?rest_route=\/wp\/v2\/pages\/13\/revisions"}],"predecessor-version":[{"id":541,"href":"https:\/\/valenlystbaathavn.no\/index.php?rest_route=\/wp\/v2\/pages\/13\/revisions\/541"}],"wp:attachment":[{"href":"https:\/\/valenlystbaathavn.no\/index.php?rest_route=%2Fwp%2Fv2%2Fmedia&parent=13"}],"curies":[{"name":"wp","href":"https:\/\/api.w.org\/{rel}","templated":true}]}}